{"id":155,"date":"2024-07-04T13:38:20","date_gmt":"2024-07-04T11:38:20","guid":{"rendered":"https:\/\/atoutdiagexpertise.com\/?page_id=155"},"modified":"2024-07-04T13:38:20","modified_gmt":"2024-07-04T11:38:20","slug":"diagnostic-termites","status":"publish","type":"page","link":"https:\/\/atoutdiagexpertise.com\/index.php\/diagnostic-termites\/","title":{"rendered":"Diagnostic termites"},"content":{"rendered":"\n<figure class=\"wp-block-image size-large\"><img fetchpriority=\"high\" decoding=\"async\" width=\"1024\" height=\"646\" src=\"https:\/\/atoutdiagexpertise.com\/wp-content\/uploads\/2024\/07\/timber-6813230_1280-1024x646.jpg\" alt=\"\" class=\"wp-image-156\" srcset=\"https:\/\/atoutdiagexpertise.com\/wp-content\/uploads\/2024\/07\/timber-6813230_1280-1024x646.jpg 1024w, https:\/\/atoutdiagexpertise.com\/wp-content\/uploads\/2024\/07\/timber-6813230_1280-300x189.jpg 300w, https:\/\/atoutdiagexpertise.com\/wp-content\/uploads\/2024\/07\/timber-6813230_1280-768x484.jpg 768w, https:\/\/atoutdiagexpertise.com\/wp-content\/uploads\/2024\/07\/timber-6813230_1280.jpg 1280w\" sizes=\"(max-width: 1024px) 100vw, 1024px\" \/><\/figure>\n\n\n<p>un \u00e9tat relatif \u00e0 la pr\u00e9sence de termites et autres insectes xylophages, \u00e9galement appel\u00e9\u00a0<span class=\"expression\"><em>diagnostic Termites<\/em><\/span>\u00a0? Ce document doit \u00eatre r\u00e9alis\u00e9 lorsque un logement est situ\u00e9 dans une zone d\u00e9clar\u00e9e infest\u00e9e ou \u00e0 risque. Il doit \u00eatre remis au futur acqu\u00e9reur d&rsquo;un bien pour l&rsquo;informer de la pr\u00e9sence ou non d&rsquo;insectes xylophages. Nous faisons le point sur la r\u00e9glementation.<\/p>\n<p data-test=\"contenu-texte\">Les termites et autres insectes xylophages peuvent g\u00e9n\u00e9rer des d\u00e9g\u00e2ts en d\u00e9gradant le bois et ses d\u00e9riv\u00e9s utilis\u00e9s dans la construction. Ils peuvent m\u00eame occasionner l&rsquo;effondrement de la construction.<\/p>\n<p data-test=\"contenu-texte\">C&rsquo;est pourquoi, un diagnostic Termites est exig\u00e9 pour informer le futur acqu\u00e9reur lorsque le logement est situ\u00e9 dans une zone \u00e0 risque ou d\u00e9j\u00e0 infest\u00e9e.<\/p>\n<p data-test=\"contenu-texte\">Le diagnostic Termites doit \u00eatre r\u00e9alis\u00e9 par un diagnostiqueur certifi\u00e9.<\/p>","protected":false},"excerpt":{"rendered":"<p>un \u00e9tat relatif \u00e0 la pr\u00e9sence de termites et autres insectes xylophages, \u00e9galement appel\u00e9\u00a0diagnostic Termites\u00a0? Ce document doit \u00eatre r\u00e9alis\u00e9 lorsque un logement est situ\u00e9 dans une zone d\u00e9clar\u00e9e infest\u00e9e ou \u00e0 risque. Il doit \u00eatre remis au futur acqu\u00e9reur d&rsquo;un bien pour l&rsquo;informer de la pr\u00e9sence ou non d&rsquo;insectes xylophages. Nous faisons le point [&hellip;]<\/p>\n","protected":false},"author":1,"featured_media":0,"parent":0,"menu_order":0,"comment_status":"closed","ping_status":"closed","template":"","meta":{"_kadence_starter_templates_imported_post":false,"_ti_tpc_template_sync":false,"_ti_tpc_template_id":"","footnotes":""},"class_list":["post-155","page","type-page","status-publish","hentry","entry"],"_links":{"self":[{"href":"https:\/\/atoutdiagexpertise.com\/index.php\/wp-json\/wp\/v2\/pages\/155","targetHints":{"allow":["GET"]}}],"collection":[{"href":"https:\/\/atoutdiagexpertise.com\/index.php\/wp-json\/wp\/v2\/pages"}],"about":[{"href":"https:\/\/atoutdiagexpertise.com\/index.php\/wp-json\/wp\/v2\/types\/page"}],"author":[{"embeddable":true,"href":"https:\/\/atoutdiagexpertise.com\/index.php\/wp-json\/wp\/v2\/users\/1"}],"replies":[{"embeddable":true,"href":"https:\/\/atoutdiagexpertise.com\/index.php\/wp-json\/wp\/v2\/comments?post=155"}],"version-history":[{"count":1,"href":"https:\/\/atoutdiagexpertise.com\/index.php\/wp-json\/wp\/v2\/pages\/155\/revisions"}],"predecessor-version":[{"id":158,"href":"https:\/\/atoutdiagexpertise.com\/index.php\/wp-json\/wp\/v2\/pages\/155\/revisions\/158"}],"wp:attachment":[{"href":"https:\/\/atoutdiagexpertise.com\/index.php\/wp-json\/wp\/v2\/media?parent=155"}],"curies":[{"name":"wp","href":"https:\/\/api.w.org\/{rel}","templated":true}]}}