{"id":160,"date":"2024-07-04T13:46:58","date_gmt":"2024-07-04T11:46:58","guid":{"rendered":"https:\/\/atoutdiagexpertise.com\/?page_id=160"},"modified":"2024-07-05T18:39:48","modified_gmt":"2024-07-05T16:39:48","slug":"bilan-energetique-dpe","status":"publish","type":"page","link":"https:\/\/atoutdiagexpertise.com\/index.php\/bilan-energetique-dpe\/","title":{"rendered":"Bilan \u00e9nerg\u00e9tique (DPE)"},"content":{"rendered":"\n<figure class=\"wp-block-image size-large\"><img fetchpriority=\"high\" decoding=\"async\" width=\"1024\" height=\"682\" src=\"https:\/\/atoutdiagexpertise.com\/wp-content\/uploads\/2024\/07\/diagnosis-6656823_1280-1024x682.jpg\" alt=\"\" class=\"wp-image-176\" srcset=\"https:\/\/atoutdiagexpertise.com\/wp-content\/uploads\/2024\/07\/diagnosis-6656823_1280-1024x682.jpg 1024w, https:\/\/atoutdiagexpertise.com\/wp-content\/uploads\/2024\/07\/diagnosis-6656823_1280-300x200.jpg 300w, https:\/\/atoutdiagexpertise.com\/wp-content\/uploads\/2024\/07\/diagnosis-6656823_1280-768x512.jpg 768w, https:\/\/atoutdiagexpertise.com\/wp-content\/uploads\/2024\/07\/diagnosis-6656823_1280.jpg 1280w\" sizes=\"(max-width: 1024px) 100vw, 1024px\" \/><\/figure>\n\n\n<p>Le DPE donne des informations sur la performance \u00e9nerg\u00e9tique et climatique d&rsquo;un logement ou d\u2019un b\u00e2timent. Il a pour objectif d&rsquo;informer le futur locataire ou acqu\u00e9reur sur les charges \u00e9nerg\u00e9tiques du logement et de recommander des travaux pour am\u00e9liorer la performance du logement. Nous vous pr\u00e9sentons les informations \u00e0 conna\u00eetre.<\/p>\n<p><strong>Depuis le 1<sup>er<\/sup>\u00a0avril 2023<\/strong>\u00a0en cas de mise en vente d&rsquo;une maison individuelle ou d&rsquo;un immeuble compos\u00e9 de plusieurs logements class\u00e9s F ou G par le DPE et appartenant \u00e0 un m\u00eame propri\u00e9taire, il faut, en plus, fournir au futur acqu\u00e9reur un\u00a0<a href=\"https:\/\/www.service-public.fr\/particuliers\/vosdroits\/F37110\">audit \u00e9nerg\u00e9tique<\/a>.<\/p>\n<p>Le DPE doit \u00eatre r\u00e9alis\u00e9 dans tous les logements (locaux d&rsquo;habitation).<\/p>\n<p data-test=\"contenu-texte\">Le DPE doit \u00eatre effectu\u00e9 \u00e0 l&rsquo;initiative du propri\u00e9taire vendeur.<\/p>\n<p data-test=\"contenu-texte\">Le DPE doit \u00eatre r\u00e9alis\u00e9 par un diagnostiqueur r\u00e9pondant \u00e0 certains crit\u00e8res, notamment de certification.<\/p>","protected":false},"excerpt":{"rendered":"<p>Le DPE donne des informations sur la performance \u00e9nerg\u00e9tique et climatique d&rsquo;un logement ou d\u2019un b\u00e2timent. Il a pour objectif d&rsquo;informer le futur locataire ou acqu\u00e9reur sur les charges \u00e9nerg\u00e9tiques du logement et de recommander des travaux pour am\u00e9liorer la performance du logement. Nous vous pr\u00e9sentons les informations \u00e0 conna\u00eetre. Depuis le 1er\u00a0avril 2023\u00a0en cas [&hellip;]<\/p>\n","protected":false},"author":1,"featured_media":0,"parent":0,"menu_order":0,"comment_status":"closed","ping_status":"closed","template":"","meta":{"_kadence_starter_templates_imported_post":false,"_ti_tpc_template_sync":false,"_ti_tpc_template_id":"","footnotes":""},"class_list":["post-160","page","type-page","status-publish","hentry","entry"],"_links":{"self":[{"href":"https:\/\/atoutdiagexpertise.com\/index.php\/wp-json\/wp\/v2\/pages\/160","targetHints":{"allow":["GET"]}}],"collection":[{"href":"https:\/\/atoutdiagexpertise.com\/index.php\/wp-json\/wp\/v2\/pages"}],"about":[{"href":"https:\/\/atoutdiagexpertise.com\/index.php\/wp-json\/wp\/v2\/types\/page"}],"author":[{"embeddable":true,"href":"https:\/\/atoutdiagexpertise.com\/index.php\/wp-json\/wp\/v2\/users\/1"}],"replies":[{"embeddable":true,"href":"https:\/\/atoutdiagexpertise.com\/index.php\/wp-json\/wp\/v2\/comments?post=160"}],"version-history":[{"count":2,"href":"https:\/\/atoutdiagexpertise.com\/index.php\/wp-json\/wp\/v2\/pages\/160\/revisions"}],"predecessor-version":[{"id":177,"href":"https:\/\/atoutdiagexpertise.com\/index.php\/wp-json\/wp\/v2\/pages\/160\/revisions\/177"}],"wp:attachment":[{"href":"https:\/\/atoutdiagexpertise.com\/index.php\/wp-json\/wp\/v2\/media?parent=160"}],"curies":[{"name":"wp","href":"https:\/\/api.w.org\/{rel}","templated":true}]}}