{"id":166,"date":"2024-07-04T14:05:52","date_gmt":"2024-07-04T12:05:52","guid":{"rendered":"https:\/\/atoutdiagexpertise.com\/?page_id=166"},"modified":"2024-07-04T14:05:52","modified_gmt":"2024-07-04T12:05:52","slug":"etat-des-risques-et-pollution","status":"publish","type":"page","link":"https:\/\/atoutdiagexpertise.com\/index.php\/etat-des-risques-et-pollution\/","title":{"rendered":"Etat des risques et pollution"},"content":{"rendered":"\n<figure class=\"wp-block-image size-large is-resized\"><img fetchpriority=\"high\" decoding=\"async\" width=\"682\" height=\"1024\" src=\"https:\/\/atoutdiagexpertise.com\/wp-content\/uploads\/2024\/07\/abandoned-540830_1280-682x1024.jpg\" alt=\"\" class=\"wp-image-168\" style=\"width:840px;height:auto\" srcset=\"https:\/\/atoutdiagexpertise.com\/wp-content\/uploads\/2024\/07\/abandoned-540830_1280-682x1024.jpg 682w, https:\/\/atoutdiagexpertise.com\/wp-content\/uploads\/2024\/07\/abandoned-540830_1280-200x300.jpg 200w, https:\/\/atoutdiagexpertise.com\/wp-content\/uploads\/2024\/07\/abandoned-540830_1280-768x1152.jpg 768w, https:\/\/atoutdiagexpertise.com\/wp-content\/uploads\/2024\/07\/abandoned-540830_1280.jpg 853w\" sizes=\"(max-width: 682px) 100vw, 682px\" \/><\/figure>\n\n\n<p>L&rsquo;<b>\u00e9tat des risques et pollutions<\/b>\u00a0mentionne la sismicit\u00e9, le potentiel radon, l&rsquo;inscription dans un secteur d&rsquo;information sur les sols et les\u00a0<b>risques<\/b>\u00a0naturels, miniers ou technologiques pris en compte dans le ou les plans de pr\u00e9vention prescrits, appliqu\u00e9s par anticipation ou approuv\u00e9s.<\/p>\n<p>L&rsquo;\u00c9tat des Risques et Pollutions &#8211; ERP (anciennement nomm\u00e9 ESRIS) fait partie du Dossier de diagnostics techniques (DDT). La loi oblige qu&rsquo;il soit pr\u00e9sent\u00e9 au futur acqu\u00e9reur ou locataire d\u00e8s la premi\u00e8re visite du bien<\/p>\n<p>\u00a0<\/p>","protected":false},"excerpt":{"rendered":"<p>L&rsquo;\u00e9tat des risques et pollutions\u00a0mentionne la sismicit\u00e9, le potentiel radon, l&rsquo;inscription dans un secteur d&rsquo;information sur les sols et les\u00a0risques\u00a0naturels, miniers ou technologiques pris en compte dans le ou les plans de pr\u00e9vention prescrits, appliqu\u00e9s par anticipation ou approuv\u00e9s. L&rsquo;\u00c9tat des Risques et Pollutions &#8211; ERP (anciennement nomm\u00e9 ESRIS) fait partie du Dossier de diagnostics [&hellip;]<\/p>\n","protected":false},"author":1,"featured_media":0,"parent":0,"menu_order":0,"comment_status":"closed","ping_status":"closed","template":"","meta":{"_kadence_starter_templates_imported_post":false,"_ti_tpc_template_sync":false,"_ti_tpc_template_id":"","footnotes":""},"class_list":["post-166","page","type-page","status-publish","hentry","entry"],"_links":{"self":[{"href":"https:\/\/atoutdiagexpertise.com\/index.php\/wp-json\/wp\/v2\/pages\/166","targetHints":{"allow":["GET"]}}],"collection":[{"href":"https:\/\/atoutdiagexpertise.com\/index.php\/wp-json\/wp\/v2\/pages"}],"about":[{"href":"https:\/\/atoutdiagexpertise.com\/index.php\/wp-json\/wp\/v2\/types\/page"}],"author":[{"embeddable":true,"href":"https:\/\/atoutdiagexpertise.com\/index.php\/wp-json\/wp\/v2\/users\/1"}],"replies":[{"embeddable":true,"href":"https:\/\/atoutdiagexpertise.com\/index.php\/wp-json\/wp\/v2\/comments?post=166"}],"version-history":[{"count":1,"href":"https:\/\/atoutdiagexpertise.com\/index.php\/wp-json\/wp\/v2\/pages\/166\/revisions"}],"predecessor-version":[{"id":170,"href":"https:\/\/atoutdiagexpertise.com\/index.php\/wp-json\/wp\/v2\/pages\/166\/revisions\/170"}],"wp:attachment":[{"href":"https:\/\/atoutdiagexpertise.com\/index.php\/wp-json\/wp\/v2\/media?parent=166"}],"curies":[{"name":"wp","href":"https:\/\/api.w.org\/{rel}","templated":true}]}}