{"id":2,"date":"2024-05-29T16:54:20","date_gmt":"2024-05-29T14:54:20","guid":{"rendered":"http:\/\/atoutdiagexpertise.com\/?page_id=2"},"modified":"2024-09-16T23:11:02","modified_gmt":"2024-09-16T21:11:02","slug":"page-d-exemple","status":"publish","type":"page","link":"https:\/\/atoutdiagexpertise.com\/","title":{"rendered":"ACCUEIL"},"content":{"rendered":"\t\t<div data-elementor-type=\"wp-page\" data-elementor-id=\"2\" class=\"elementor elementor-2\">\n\t\t\t\t<div class=\"elementor-element elementor-element-f6110e6 e-flex e-con-boxed e-con e-parent\" data-id=\"f6110e6\" data-element_type=\"container\">\n\t\t\t\t\t<div class=\"e-con-inner\">\n\t\t\t\t<div class=\"elementor-element elementor-element-79e68665 elementor-widget elementor-widget-text-editor\" data-id=\"79e68665\" data-element_type=\"widget\" data-widget_type=\"text-editor.default\">\n\t\t\t\t<div class=\"elementor-widget-container\">\n\t\t\t<style>\/*! elementor - v3.22.0 - 26-06-2024 *\/\n.elementor-widget-text-editor.elementor-drop-cap-view-stacked .elementor-drop-cap{background-color:#69727d;color:#fff}.elementor-widget-text-editor.elementor-drop-cap-view-framed .elementor-drop-cap{color:#69727d;border:3px solid;background-color:transparent}.elementor-widget-text-editor:not(.elementor-drop-cap-view-default) .elementor-drop-cap{margin-top:8px}.elementor-widget-text-editor:not(.elementor-drop-cap-view-default) .elementor-drop-cap-letter{width:1em;height:1em}.elementor-widget-text-editor .elementor-drop-cap{float:left;text-align:center;line-height:1;font-size:50px}.elementor-widget-text-editor .elementor-drop-cap-letter{display:inline-block}<\/style>\t\t\t\t<!-- wp:cover {\"url\":\"https:\/\/atoutdiagexpertise.com\/wp-content\/uploads\/2024\/06\/lille-ciel-bleu-2.png\",\"id\":18,\"hasParallax\":true,\"dimRatio\":60,\"customOverlayColor\":\"#4f5d9c\",\"isUserOverlayColor\":true,\"minHeight\":242,\"minHeightUnit\":\"px\",\"align\":\"full\"} -->\n<div class=\"wp-block-cover alignfull has-parallax\" style=\"min-height:242px\"><span aria-hidden=\"true\" class=\"wp-block-cover__background has-background-dim-60 has-background-dim\" style=\"background-color:#4f5d9c\"><\/span><div class=\"wp-block-cover__image-background wp-image-18 has-parallax\" style=\"background-position:50% 50%;background-image:url(https:\/\/atoutdiagexpertise.com\/wp-content\/uploads\/2024\/06\/lille-ciel-bleu-2.png)\"><\/div><div class=\"wp-block-cover__inner-container\"><!-- wp:heading {\"textAlign\":\"center\",\"level\":3,\"align\":\"full\",\"textColor\":\"white\",\"fontSize\":\"large\"} -->\n<h3 class=\"wp-block-heading alignfull has-text-align-center has-white-color has-text-color has-large-font-size\"><strong>Atout Diag Expertise r\u00e9alise l&rsquo;ensemble de vos diagnostics immobiliers <\/strong><\/h3>\n<!-- \/wp:heading -->\n\n<!-- wp:paragraph {\"align\":\"center\",\"textColor\":\"nv-text-dark-bg\"} -->\n<p class=\"has-text-align-center has-nv-text-dark-bg-color has-text-color\"><\/p>\n<!-- \/wp:paragraph -->\n\n<!-- wp:paragraph -->\n<p><\/p>\n<!-- \/wp:paragraph --><\/div><\/div>\n<!-- \/wp:cover -->\n\n<!-- wp:paragraph -->\n<p><\/p>\n<!-- \/wp:paragraph -->\n\n<!-- wp:quote {\"align\":\"left\"} -->\n<blockquote class=\"wp-block-quote has-text-align-left\"><!-- wp:paragraph -->\n<p>Atout Diag Expertise, situ\u00e9 \u00e0 Tourcoing, r\u00e9alise vos diagnostics sur le Nord Pas de Calais dans les meilleurs d\u00e9lais.<\/p>\n<!-- \/wp:paragraph -->\n\n<!-- wp:paragraph -->\n<p>Forts d&rsquo;une exp\u00e9rience de 20 ans dans le domaine de l&rsquo;immobilier, de la construction et de la r\u00e9novation de biens, nos connaissances nous permettent de r\u00e9aliser des diagnostics pr\u00e9cis, r\u00e9alistes et clairs.<\/p>\n<!-- \/wp:paragraph -->\n\n<!-- wp:paragraph -->\n<p>Certifi\u00e9s sur l&rsquo;ensemble des diagnostics n\u00e9cessaires \u00e0 la vente ou la location de biens immobilier, Atout Diag Expertise r\u00e9alise l&rsquo;ensemble de vos diagnostics sans faire appel \u00e0 la sous-traitance .<\/p>\n<!-- \/wp:paragraph -->\n\n<!-- wp:paragraph -->\n<p><\/p>\n<!-- \/wp:paragraph --><\/blockquote>\n<!-- \/wp:quote -->\n\n<!-- wp:columns -->\n<div class=\"wp-block-columns\"><!-- wp:column -->\n<div class=\"wp-block-column\"><!-- wp:columns -->\n<div class=\"wp-block-columns\"><!-- wp:column -->\n<div class=\"wp-block-column\"><\/div>\n<!-- \/wp:column -->\n\n<!-- wp:column -->\n<div class=\"wp-block-column\"><\/div>\n<!-- \/wp:column -->\n\n<!-- wp:column -->\n<div class=\"wp-block-column\"><\/div>\n<!-- \/wp:column --><\/div>\n<!-- \/wp:columns --><\/div>\n<!-- \/wp:column --><\/div>\n<!-- \/wp:columns -->\n\n<!-- wp:paragraph -->\n<p><\/p>\n<!-- \/wp:paragraph -->\n\n<!-- wp:heading {\"textAlign\":\"center\",\"level\":1} -->\n<h1 class=\"wp-block-heading has-text-align-center\"><strong>Nos atouts<\/strong><\/h1>\n<!-- \/wp:heading -->\n\n<!-- wp:columns -->\n<div class=\"wp-block-columns\"><!-- wp:column -->\n<div class=\"wp-block-column\"><!-- wp:image {\"id\":40,\"width\":\"123px\",\"height\":\"auto\",\"sizeSlug\":\"full\",\"linkDestination\":\"none\",\"align\":\"center\"} -->\n<figure class=\"wp-block-image aligncenter size-full is-resized\"><img decoding=\"async\" width=\"231\" height=\"190\" src=\"https:\/\/atoutdiagexpertise.com\/wp-content\/uploads\/2024\/06\/logo-certifie.png\" alt=\"\" class=\"wp-image-40\" style=\"width:123px;height:auto\"\/><\/figure>\n<!-- \/wp:image -->\n\n<!-- wp:heading {\"textAlign\":\"left\",\"level\":3} -->\n<h3 class=\"wp-block-heading has-text-align-left\"><strong>        Certifications<\/strong><\/h3>\n<!-- \/wp:heading -->\n\n<!-- wp:paragraph -->\n<p>Certifi\u00e9s sur l&rsquo;ensemble des diagnostiques n\u00e9cessaires \u00e0 la vente ou la location de biens immobiliers.<\/p>\n<!-- \/wp:paragraph --><\/div>\n<!-- \/wp:column -->\n\n<!-- wp:column -->\n<div class=\"wp-block-column\"><!-- wp:image {\"id\":41,\"width\":\"77px\",\"height\":\"auto\",\"sizeSlug\":\"full\",\"linkDestination\":\"none\",\"align\":\"center\"} -->\n<figure class=\"wp-block-image aligncenter size-full is-resized\"><img fetchpriority=\"high\" decoding=\"async\" width=\"349\" height=\"454\" src=\"https:\/\/atoutdiagexpertise.com\/wp-content\/uploads\/2024\/06\/logo-experience.png\" alt=\"\" class=\"wp-image-41\" style=\"width:77px;height:auto\" srcset=\"https:\/\/atoutdiagexpertise.com\/wp-content\/uploads\/2024\/06\/logo-experience.png 349w, https:\/\/atoutdiagexpertise.com\/wp-content\/uploads\/2024\/06\/logo-experience-231x300.png 231w\" sizes=\"(max-width: 349px) 100vw, 349px\" \/><\/figure>\n<!-- \/wp:image -->\n\n<!-- wp:heading {\"level\":3} -->\n<h3 class=\"wp-block-heading\">          <strong>Exp\u00e9rience<\/strong><\/h3>\n<!-- \/wp:heading -->\n\n<!-- wp:paragraph -->\n<p>Grace a une exp\u00e9rience de plus de 20 ans dans le domaine de l&rsquo;immobilier, de la construction et de la r\u00e9novation. <\/p>\n<!-- \/wp:paragraph --><\/div>\n<!-- \/wp:column -->\n\n<!-- wp:column -->\n<div class=\"wp-block-column\"><!-- wp:image {\"id\":43,\"width\":\"105px\",\"height\":\"auto\",\"sizeSlug\":\"full\",\"linkDestination\":\"none\",\"align\":\"center\"} -->\n<figure class=\"wp-block-image aligncenter size-full is-resized\"><img decoding=\"async\" width=\"250\" height=\"231\" src=\"https:\/\/atoutdiagexpertise.com\/wp-content\/uploads\/2024\/06\/Logo-chrono.png\" alt=\"\" class=\"wp-image-43\" style=\"width:105px;height:auto\"\/><\/figure>\n<!-- \/wp:image -->\n\n<!-- wp:heading {\"level\":3} -->\n<h3 class=\"wp-block-heading\">           <strong>Rapidit\u00e9<\/strong><\/h3>\n<!-- \/wp:heading -->\n\n<!-- wp:paragraph -->\n<p>Apr\u00e8s paiement vous recevrez vos diagnostics dans un d\u00e9lai de 48H<\/p>\n<!-- \/wp:paragraph --><\/div>\n<!-- \/wp:column --><\/div>\n<!-- \/wp:columns -->\n\n<!-- wp:spacer {\"height\":\"80px\"} -->\n<div style=\"height:80px\" aria-hidden=\"true\" class=\"wp-block-spacer\"><\/div>\n<!-- \/wp:spacer -->\n\n<!-- wp:heading {\"textAlign\":\"center\",\"level\":1} -->\n<h1 class=\"wp-block-heading has-text-align-center\"><strong>Nos partenaires<\/strong><\/h1>\n<!-- \/wp:heading -->\n\n<!-- wp:spacer {\"height\":\"29px\"} -->\n<div style=\"height:29px\" aria-hidden=\"true\" class=\"wp-block-spacer\"><\/div>\n<!-- \/wp:spacer -->\n\n<!-- wp:image {\"id\":93,\"sizeSlug\":\"full\",\"linkDestination\":\"none\"} -->\n<figure class=\"wp-block-image size-full\"><img loading=\"lazy\" decoding=\"async\" width=\"919\" height=\"181\" src=\"https:\/\/atoutdiagexpertise.com\/wp-content\/uploads\/2024\/06\/Partenaires.png\" alt=\"\" class=\"wp-image-93\" srcset=\"https:\/\/atoutdiagexpertise.com\/wp-content\/uploads\/2024\/06\/Partenaires.png 919w, https:\/\/atoutdiagexpertise.com\/wp-content\/uploads\/2024\/06\/Partenaires-300x59.png 300w, https:\/\/atoutdiagexpertise.com\/wp-content\/uploads\/2024\/06\/Partenaires-768x151.png 768w\" sizes=\"(max-width: 919px) 100vw, 919px\" \/><\/figure>\n<!-- \/wp:image -->\n\n<!-- wp:heading -->\n<h2 class=\"wp-block-heading\"><\/h2>\n<!-- \/wp:heading -->\t\t\t\t\t\t<\/div>\n\t\t\t\t<\/div>\n\t\t\t\t\t<\/div>\n\t\t\t\t<\/div>\n\t\t<div class=\"elementor-element elementor-element-e93b1df e-flex e-con-boxed e-con e-parent\" data-id=\"e93b1df\" data-element_type=\"container\">\n\t\t\t\t\t<div class=\"e-con-inner\">\n\t\t\t\t\t<\/div>\n\t\t\t\t<\/div>\n\t\t\t\t<\/div>\n\t\t","protected":false},"excerpt":{"rendered":"<p>Atout Diag Expertise, situ\u00e9 \u00e0 Tourcoing, r\u00e9alise vos diagnostics sur le Nord Pas de Calais dans les meilleurs d\u00e9lais. Forts d&rsquo;une exp\u00e9rience de 20 ans dans le domaine de l&rsquo;immobilier, de la construction et de la r\u00e9novation de biens, nos connaissances nous permettent de r\u00e9aliser des diagnostics pr\u00e9cis, r\u00e9alistes et clairs. Certifi\u00e9s sur l&rsquo;ensemble des [&hellip;]<\/p>\n","protected":false},"author":1,"featured_media":0,"parent":0,"menu_order":0,"comment_status":"closed","ping_status":"closed","template":"","meta":{"_kadence_starter_templates_imported_post":false,"_ti_tpc_template_sync":false,"_ti_tpc_template_id":"","footnotes":""},"class_list":["post-2","page","type-page","status-publish","hentry","entry"],"_links":{"self":[{"href":"https:\/\/atoutdiagexpertise.com\/index.php\/wp-json\/wp\/v2\/pages\/2","targetHints":{"allow":["GET"]}}],"collection":[{"href":"https:\/\/atoutdiagexpertise.com\/index.php\/wp-json\/wp\/v2\/pages"}],"about":[{"href":"https:\/\/atoutdiagexpertise.com\/index.php\/wp-json\/wp\/v2\/types\/page"}],"author":[{"embeddable":true,"href":"https:\/\/atoutdiagexpertise.com\/index.php\/wp-json\/wp\/v2\/users\/1"}],"replies":[{"embeddable":true,"href":"https:\/\/atoutdiagexpertise.com\/index.php\/wp-json\/wp\/v2\/comments?post=2"}],"version-history":[{"count":35,"href":"https:\/\/atoutdiagexpertise.com\/index.php\/wp-json\/wp\/v2\/pages\/2\/revisions"}],"predecessor-version":[{"id":303,"href":"https:\/\/atoutdiagexpertise.com\/index.php\/wp-json\/wp\/v2\/pages\/2\/revisions\/303"}],"wp:attachment":[{"href":"https:\/\/atoutdiagexpertise.com\/index.php\/wp-json\/wp\/v2\/media?parent=2"}],"curies":[{"name":"wp","href":"https:\/\/api.w.org\/{rel}","templated":true}]}}