{"id":249,"date":"2024-07-09T13:09:15","date_gmt":"2024-07-09T11:09:15","guid":{"rendered":"https:\/\/atoutdiagexpertise.com\/?page_id=249"},"modified":"2024-07-09T13:13:44","modified_gmt":"2024-07-09T11:13:44","slug":"notre-expertise","status":"publish","type":"page","link":"https:\/\/atoutdiagexpertise.com\/index.php\/notre-expertise\/","title":{"rendered":"NOTRE EXPERTISE"},"content":{"rendered":"\n<div class=\"wp-block-cover alignfull has-parallax\" style=\"min-height:90px;aspect-ratio:unset;\"><span aria-hidden=\"true\" class=\"wp-block-cover__background has-background-dim\" style=\"background-color:#4f5d9c\"><\/span><div class=\"wp-block-cover__image-background wp-image-200 has-parallax\" style=\"background-position:50% 50%;background-image:url(http:\/\/atoutdiagexpertise.com\/wp-content\/uploads\/2024\/07\/th-1.jpg)\"><\/div><div class=\"wp-block-cover__inner-container is-layout-constrained wp-block-cover-is-layout-constrained\">\n<p class=\"has-text-align-center has-white-color has-text-color has-link-color has-x-large-font-size wp-elements-122917a4165f3021441394730ca5bfcb\" style=\"font-style:normal;font-weight:500\">NOTRE EXPERTISE<\/p>\n<\/div><\/div>\n\n\n\n<div style=\"height:36px\" aria-hidden=\"true\" class=\"wp-block-spacer\"><\/div>\n\n\n\n<div class=\"wp-block-columns is-layout-flex wp-container-core-columns-is-layout-9d6595d7 wp-block-columns-is-layout-flex\">\n<div class=\"wp-block-column is-layout-flow wp-block-column-is-layout-flow\">\n<div class=\"wp-block-columns is-layout-flex wp-container-core-columns-is-layout-9d6595d7 wp-block-columns-is-layout-flex\">\n<div class=\"wp-block-column is-layout-flow wp-block-column-is-layout-flow\"><div class=\"wp-block-image\">\n<figure class=\"aligncenter size-full is-resized\"><img decoding=\"async\" width=\"231\" height=\"190\" src=\"https:\/\/atoutdiagexpertise.com\/wp-content\/uploads\/2024\/06\/logo-certifie.png\" alt=\"\" class=\"wp-image-40\" style=\"width:123px;height:auto\"\/><\/figure>\n<\/div>\n\n\n<h3 class=\"wp-block-heading has-text-align-center\"><strong>        Certifications<\/strong><\/h3>\n\n\n\n<p class=\"has-text-align-center\">Certifi\u00e9e sur l&rsquo;ensemble des diagnostics n\u00e9cessaires \u00e0 la vente ou la location de biens immobiliers.<\/p>\n<\/div>\n\n\n\n<div class=\"wp-block-column is-layout-flow wp-block-column-is-layout-flow\"><div class=\"wp-block-image\">\n<figure class=\"aligncenter size-full is-resized\"><img fetchpriority=\"high\" decoding=\"async\" width=\"349\" height=\"454\" src=\"https:\/\/atoutdiagexpertise.com\/wp-content\/uploads\/2024\/06\/logo-experience.png\" alt=\"\" class=\"wp-image-41\" style=\"width:77px;height:auto\" srcset=\"https:\/\/atoutdiagexpertise.com\/wp-content\/uploads\/2024\/06\/logo-experience.png 349w, https:\/\/atoutdiagexpertise.com\/wp-content\/uploads\/2024\/06\/logo-experience-231x300.png 231w\" sizes=\"(max-width: 349px) 100vw, 349px\" \/><\/figure>\n<\/div>\n\n\n<h3 class=\"wp-block-heading has-text-align-center\">          <strong>Exp\u00e9rience<\/strong><\/h3>\n\n\n\n<p class=\"has-text-align-center\">Grace a une exp\u00e9rience de plus de 20 ans dans le domaine de l&rsquo;immobilier, de la construction et de la r\u00e9novation. <\/p>\n<\/div>\n\n\n\n<div class=\"wp-block-column is-layout-flow wp-block-column-is-layout-flow\"><div class=\"wp-block-image is-style-default\">\n<figure class=\"aligncenter size-full is-resized\"><img decoding=\"async\" width=\"250\" height=\"231\" src=\"https:\/\/atoutdiagexpertise.com\/wp-content\/uploads\/2024\/06\/Logo-chrono.png\" alt=\"\" class=\"wp-image-43\" style=\"width:105px;height:auto\"\/><\/figure>\n<\/div>\n\n\n<h3 class=\"wp-block-heading has-text-align-center\">           <strong>Rapidit\u00e9<\/strong><\/h3>\n\n\n\n<p class=\"has-text-align-center\">Apr\u00e8s paiement vous recevrez vos diagnostics dans un d\u00e9lai de 48H<\/p>\n<\/div>\n<\/div>\n<\/div>\n<\/div>\n\n\n\n<div style=\"height:25px\" aria-hidden=\"true\" class=\"wp-block-spacer\"><\/div>\n\n\n\n<div class=\"wp-block-cover alignfull is-light\" style=\"min-height:100vh;aspect-ratio:unset;\"><span aria-hidden=\"true\" class=\"wp-block-cover__background has-background-dim-100 has-background-dim\" style=\"background-color:#ffffff\"><\/span><div class=\"wp-block-cover__inner-container is-layout-flow wp-block-cover-is-layout-flow\">\n<div class=\"wp-block-media-text alignwide is-stacked-on-mobile is-vertically-aligned-center is-image-fill\" style=\"grid-template-columns:56% auto\"><figure class=\"wp-block-media-text__media\" style=\"background-image:url(https:\/\/atoutdiagexpertise.com\/wp-content\/uploads\/2024\/07\/plan-mesurage-habitation-1280x853-1-1024x682.jpg);background-position:50% 50%\"><img loading=\"lazy\" decoding=\"async\" width=\"1024\" height=\"682\" src=\"https:\/\/atoutdiagexpertise.com\/wp-content\/uploads\/2024\/07\/plan-mesurage-habitation-1280x853-1-1024x682.jpg\" alt=\"\" class=\"wp-image-251 size-full\" srcset=\"https:\/\/atoutdiagexpertise.com\/wp-content\/uploads\/2024\/07\/plan-mesurage-habitation-1280x853-1-1024x682.jpg 1024w, https:\/\/atoutdiagexpertise.com\/wp-content\/uploads\/2024\/07\/plan-mesurage-habitation-1280x853-1-300x200.jpg 300w, https:\/\/atoutdiagexpertise.com\/wp-content\/uploads\/2024\/07\/plan-mesurage-habitation-1280x853-1-768x512.jpg 768w, https:\/\/atoutdiagexpertise.com\/wp-content\/uploads\/2024\/07\/plan-mesurage-habitation-1280x853-1.jpg 1280w\" sizes=\"(max-width: 1024px) 100vw, 1024px\" \/><\/figure><div class=\"wp-block-media-text__content\">\n<h2 class=\"wp-block-heading has-text-color\" style=\"color:#000000;font-size:32px\">ATOUT DIAG EXPERTISE<\/h2>\n\n\n\n<p class=\"has-text-color\" style=\"color:#000000;font-size:17px\">Entreprise certifi\u00e9e sur l\u2019ensemble des diagnostiques n\u00e9cessaires \u00e0 la vente ou la location de biens immobiliers et fort d\u2019une exp\u00e9rience de 20 ans dans le domaine de l\u2019immobilier, de la construction et de la r\u00e9novation de biens<\/p>\n\n\n\n<p class=\"has-text-color\" style=\"color:#000000;font-size:17px\">ADE met au service ses connaissances pour la r\u00e9alisation de diagnostics pr\u00e9cis, r\u00e9alistes et clairs dans l&rsquo;ensemble du Nord-Pas-de-Calais.<\/p>\n\n\n\n<div class=\"wp-block-buttons is-layout-flex wp-block-buttons-is-layout-flex\">\n<div class=\"wp-block-button is-style-fill\"><a class=\"wp-block-button__link has-white-color has-text-color has-background has-link-color wp-element-button\" href=\"https:\/\/atoutdiagexpertise.com\/index.php\/contact\/\" style=\"background-color:#ff914d\">PRENDRE RDV<\/a><\/div>\n<\/div>\n<\/div><\/div>\n\n\n\n<div style=\"height:51px\" aria-hidden=\"true\" class=\"wp-block-spacer\"><\/div>\n\n\n\n<p class=\"has-text-align-center has-large-font-size\"><strong>NOS PARTENAIRES<\/strong><\/p>\n\n\n\n<div class=\"wp-block-columns is-layout-flex wp-container-core-columns-is-layout-9d6595d7 wp-block-columns-is-layout-flex\">\n<div class=\"wp-block-column is-layout-flow wp-block-column-is-layout-flow\">\n<figure class=\"wp-block-image size-full\"><img loading=\"lazy\" decoding=\"async\" width=\"919\" height=\"181\" src=\"https:\/\/atoutdiagexpertise.com\/wp-content\/uploads\/2024\/06\/Partenaires.png\" alt=\"\" class=\"wp-image-93\" srcset=\"https:\/\/atoutdiagexpertise.com\/wp-content\/uploads\/2024\/06\/Partenaires.png 919w, https:\/\/atoutdiagexpertise.com\/wp-content\/uploads\/2024\/06\/Partenaires-300x59.png 300w, https:\/\/atoutdiagexpertise.com\/wp-content\/uploads\/2024\/06\/Partenaires-768x151.png 768w\" sizes=\"(max-width: 919px) 100vw, 919px\" \/><\/figure>\n<\/div>\n<\/div>\n<\/div><\/div>\n","protected":false},"excerpt":{"rendered":"<p>Certifications Certifi\u00e9e sur l&rsquo;ensemble des diagnostics n\u00e9cessaires \u00e0 la vente ou la location de biens immobiliers. Exp\u00e9rience Grace a une exp\u00e9rience de plus de 20 ans dans le domaine de l&rsquo;immobilier, de la construction et de la r\u00e9novation. Rapidit\u00e9 Apr\u00e8s paiement vous recevrez vos diagnostics dans un d\u00e9lai de 48H<\/p>\n","protected":false},"author":1,"featured_media":0,"parent":0,"menu_order":0,"comment_status":"closed","ping_status":"closed","template":"","meta":{"_kadence_starter_templates_imported_post":false,"_ti_tpc_template_sync":false,"_ti_tpc_template_id":"","footnotes":""},"class_list":["post-249","page","type-page","status-publish","hentry","entry"],"_links":{"self":[{"href":"https:\/\/atoutdiagexpertise.com\/index.php\/wp-json\/wp\/v2\/pages\/249","targetHints":{"allow":["GET"]}}],"collection":[{"href":"https:\/\/atoutdiagexpertise.com\/index.php\/wp-json\/wp\/v2\/pages"}],"about":[{"href":"https:\/\/atoutdiagexpertise.com\/index.php\/wp-json\/wp\/v2\/types\/page"}],"author":[{"embeddable":true,"href":"https:\/\/atoutdiagexpertise.com\/index.php\/wp-json\/wp\/v2\/users\/1"}],"replies":[{"embeddable":true,"href":"https:\/\/atoutdiagexpertise.com\/index.php\/wp-json\/wp\/v2\/comments?post=249"}],"version-history":[{"count":9,"href":"https:\/\/atoutdiagexpertise.com\/index.php\/wp-json\/wp\/v2\/pages\/249\/revisions"}],"predecessor-version":[{"id":267,"href":"https:\/\/atoutdiagexpertise.com\/index.php\/wp-json\/wp\/v2\/pages\/249\/revisions\/267"}],"wp:attachment":[{"href":"https:\/\/atoutdiagexpertise.com\/index.php\/wp-json\/wp\/v2\/media?parent=249"}],"curies":[{"name":"wp","href":"https:\/\/api.w.org\/{rel}","templated":true}]}}