{"id":35,"date":"2024-06-25T18:24:29","date_gmt":"2024-06-25T16:24:29","guid":{"rendered":"https:\/\/atoutdiagexpertise.com\/?page_id=35"},"modified":"2024-06-27T10:28:48","modified_gmt":"2024-06-27T08:28:48","slug":"cool","status":"publish","type":"page","link":"https:\/\/atoutdiagexpertise.com\/index.php\/cool\/","title":{"rendered":"Diagnostic Electrique"},"content":{"rendered":"\n<details class=\"wp-block-details is-layout-flow wp-block-details-is-layout-flow\"><summary>L&rsquo;\u00e9tat de l&rsquo;installation int\u00e9rieure d\u2019\u00e9lectricit\u00e9, aussi appel\u00e9&nbsp;<em>diagnostic \u00e9lectricit\u00e9<\/em>, est un diagnostic qui donne un aper\u00e7u de la s\u00e9curit\u00e9 des installations \u00e9lectriques dans les logements. Votre logement est concern\u00e9 par ce diagnostic si l&rsquo;installation d&rsquo;\u00e9lectricit\u00e9 a plus de 15 ans. Le diagnostic doit \u00eatre int\u00e9gr\u00e9 au dossier de diagnostic technique (DDT). Le DDT doit \u00eatre remis \u00e0 l&rsquo;acqu\u00e9reur ou au locataire en cas de vente ou location d&rsquo;un logement.<br>Il permet d\u2019\u00e9valuer les risques pouvant mettre en danger la s\u00e9curit\u00e9 des personnes et leurs biens.<br>Le vendeur doit faire r\u00e9aliser ce diagnostic par un professionnel certifi\u00e9.<br>Le diagnostiqueur doit r\u00e9aliser plus d\u2019une centaine de points de contr\u00f4le qui permettrons de v\u00e9rifier&nbsp;<a href=\"https:\/\/bing.com\/search?q=diagnostiqueur+diagnostic+elec\" target=\"_blank\" rel=\"noreferrer noopener\">l\u2019ensemble des locaux d\u2019une habitation (y compris les d\u00e9pendances) afin de contr\u00f4ler l\u2019\u00e9tat de l\u2019installation \u00e9lectrique et sa conformit\u00e9 aux normes en vigueur<\/a>, parmi lesquels&nbsp;:<br>Appareils de commande et de protection<br>Dispositifs de protection diff\u00e9rentielle<br>Prise de terre et l\u2019installation de la mise \u00e0 la terre<br>Respect des r\u00e8gles li\u00e9es aux zones dans chaque local<br>Mat\u00e9riel \u00e9lectrique v\u00e9tustes ou inadapt\u00e9s \u00e0 l&rsquo;usage<\/summary>\n<p><\/p>\n<\/details>\n\n\n\n<h1 class=\"wp-block-heading has-text-align-center has-neve-text-color-color has-text-color\">Diagnostic \u00e9lectrique<\/h1>\n\n\n\n<div class=\"wp-block-cover alignfull is-light\" style=\"min-height:560px;aspect-ratio:unset;\"><span aria-hidden=\"true\" class=\"wp-block-cover__background has-background-dim-20 has-background-dim\" style=\"background-color:#b3968f\"><\/span><img fetchpriority=\"high\" decoding=\"async\" width=\"304\" height=\"252\" class=\"wp-block-cover__image-background wp-image-52\" alt=\"\" src=\"https:\/\/atoutdiagexpertise.com\/wp-content\/uploads\/2024\/06\/Diag-elec.png\" data-object-fit=\"cover\" srcset=\"https:\/\/atoutdiagexpertise.com\/wp-content\/uploads\/2024\/06\/Diag-elec.png 304w, https:\/\/atoutdiagexpertise.com\/wp-content\/uploads\/2024\/06\/Diag-elec-300x249.png 300w\" sizes=\"(max-width: 304px) 100vw, 304px\" \/><div class=\"wp-block-cover__inner-container is-layout-flow wp-block-cover-is-layout-flow\">\n<p class=\"has-text-align-center has-large-font-size\"><\/p>\n<\/div><\/div>\n\n\n\n<div style=\"height:100px\" aria-hidden=\"true\" class=\"wp-block-spacer\"><\/div>\n\n\n\n<figure class=\"wp-block-image size-large\"><img decoding=\"async\" width=\"1024\" height=\"150\" src=\"https:\/\/atoutdiagexpertise.com\/wp-content\/uploads\/2024\/06\/Duree-de-validite-diag-elec-1024x150.png\" alt=\"\" class=\"wp-image-83\" srcset=\"https:\/\/atoutdiagexpertise.com\/wp-content\/uploads\/2024\/06\/Duree-de-validite-diag-elec-1024x150.png 1024w, https:\/\/atoutdiagexpertise.com\/wp-content\/uploads\/2024\/06\/Duree-de-validite-diag-elec-300x44.png 300w, https:\/\/atoutdiagexpertise.com\/wp-content\/uploads\/2024\/06\/Duree-de-validite-diag-elec-768x112.png 768w, https:\/\/atoutdiagexpertise.com\/wp-content\/uploads\/2024\/06\/Duree-de-validite-diag-elec.png 1053w\" sizes=\"(max-width: 1024px) 100vw, 1024px\" \/><\/figure>\n","protected":false},"excerpt":{"rendered":"<p>Diagnostic \u00e9lectrique<\/p>\n","protected":false},"author":1,"featured_media":0,"parent":0,"menu_order":0,"comment_status":"closed","ping_status":"closed","template":"","meta":{"_kadence_starter_templates_imported_post":false,"_ti_tpc_template_sync":false,"_ti_tpc_template_id":"","footnotes":""},"class_list":["post-35","page","type-page","status-publish","hentry","entry"],"_links":{"self":[{"href":"https:\/\/atoutdiagexpertise.com\/index.php\/wp-json\/wp\/v2\/pages\/35","targetHints":{"allow":["GET"]}}],"collection":[{"href":"https:\/\/atoutdiagexpertise.com\/index.php\/wp-json\/wp\/v2\/pages"}],"about":[{"href":"https:\/\/atoutdiagexpertise.com\/index.php\/wp-json\/wp\/v2\/types\/page"}],"author":[{"embeddable":true,"href":"https:\/\/atoutdiagexpertise.com\/index.php\/wp-json\/wp\/v2\/users\/1"}],"replies":[{"embeddable":true,"href":"https:\/\/atoutdiagexpertise.com\/index.php\/wp-json\/wp\/v2\/comments?post=35"}],"version-history":[{"count":3,"href":"https:\/\/atoutdiagexpertise.com\/index.php\/wp-json\/wp\/v2\/pages\/35\/revisions"}],"predecessor-version":[{"id":85,"href":"https:\/\/atoutdiagexpertise.com\/index.php\/wp-json\/wp\/v2\/pages\/35\/revisions\/85"}],"wp:attachment":[{"href":"https:\/\/atoutdiagexpertise.com\/index.php\/wp-json\/wp\/v2\/media?parent=35"}],"curies":[{"name":"wp","href":"https:\/\/api.w.org\/{rel}","templated":true}]}}