{"id":63,"date":"2024-06-27T08:53:02","date_gmt":"2024-06-27T06:53:02","guid":{"rendered":"https:\/\/atoutdiagexpertise.com\/?page_id=63"},"modified":"2024-06-27T11:13:15","modified_gmt":"2024-06-27T09:13:15","slug":"diagnostic-amiante","status":"publish","type":"page","link":"https:\/\/atoutdiagexpertise.com\/index.php\/diagnostic-amiante\/","title":{"rendered":"Diagnostic amiante"},"content":{"rendered":"\n<div style=\"height:80px\" aria-hidden=\"true\" class=\"wp-block-spacer\"><\/div>\n\n\n\n<h1 class=\"wp-block-heading has-text-align-center has-neve-text-color-color has-text-color\"><\/h1>\n\n\n\n<p>L&rsquo;\u00e9tat d&rsquo;amiante, aussi appel\u00e9&nbsp;<em>diagnostic amiante<\/em>, est un document qui mentionne la pr\u00e9sence ou l&rsquo;absence de mat\u00e9riaux ou produits contenant de l&rsquo;amiante dans un logement. Votre logement est concern\u00e9 par ce diagnostic si son permis de construire a \u00e9t\u00e9 d\u00e9livr\u00e9 avant juillet 1997. L&rsquo;\u00e9tat d&rsquo;amiante doit \u00eatre int\u00e9gr\u00e9 au dossier de diagnostic technique (DDT). Le DDT doit \u00eatre remis \u00e0 l&rsquo;acqu\u00e9reur en cas de vente d&rsquo;un logement.<\/p>\n\n\n\n<p>L&rsquo;\u00e9tat d&rsquo;amiante (ou diagnostic amiante) est un diagnostic qui permet de rep\u00e9rer la pr\u00e9sence ou l&rsquo;absence de mat\u00e9riaux ou produits contenant de l&rsquo;amiante dans votre logement.<\/p>\n\n\n\n<p>Le vendeur doit faire r\u00e9aliser ce diagnostic par un professionnel certifi\u00e9.<\/p>\n\n\n\n<div class=\"wp-block-cover alignfull\" style=\"min-height:560px;aspect-ratio:unset;\"><span aria-hidden=\"true\" class=\"wp-block-cover__background has-background-dim-20 has-background-dim\" style=\"background-color:#73797f\"><\/span><img fetchpriority=\"high\" decoding=\"async\" width=\"553\" height=\"358\" class=\"wp-block-cover__image-background wp-image-64\" alt=\"\" src=\"https:\/\/atoutdiagexpertise.com\/wp-content\/uploads\/2024\/06\/Diagnostic-amiante.png\" data-object-fit=\"cover\" srcset=\"https:\/\/atoutdiagexpertise.com\/wp-content\/uploads\/2024\/06\/Diagnostic-amiante.png 553w, https:\/\/atoutdiagexpertise.com\/wp-content\/uploads\/2024\/06\/Diagnostic-amiante-300x194.png 300w\" sizes=\"(max-width: 553px) 100vw, 553px\" \/><div class=\"wp-block-cover__inner-container is-layout-flow wp-block-cover-is-layout-flow\">\n<p class=\"has-text-align-center has-large-font-size\"><\/p>\n<\/div><\/div>\n\n\n\n<div style=\"height:40px\" aria-hidden=\"true\" class=\"wp-block-spacer\"><\/div>\n\n\n\n<figure class=\"wp-block-image size-large\"><img decoding=\"async\" width=\"1024\" height=\"144\" src=\"https:\/\/atoutdiagexpertise.com\/wp-content\/uploads\/2024\/06\/Duree-de-validitee-Amiante-1-1024x144.png\" alt=\"\" class=\"wp-image-80\" srcset=\"https:\/\/atoutdiagexpertise.com\/wp-content\/uploads\/2024\/06\/Duree-de-validitee-Amiante-1-1024x144.png 1024w, https:\/\/atoutdiagexpertise.com\/wp-content\/uploads\/2024\/06\/Duree-de-validitee-Amiante-1-300x42.png 300w, https:\/\/atoutdiagexpertise.com\/wp-content\/uploads\/2024\/06\/Duree-de-validitee-Amiante-1-768x108.png 768w, https:\/\/atoutdiagexpertise.com\/wp-content\/uploads\/2024\/06\/Duree-de-validitee-Amiante-1.png 1048w\" sizes=\"(max-width: 1024px) 100vw, 1024px\" \/><\/figure>\n\n\n\n<div class=\"wp-block-cover is-light\" style=\"min-height:300px;aspect-ratio:unset;\"><span aria-hidden=\"true\" class=\"wp-block-cover__background has-nv-site-bg-background-color has-background-dim-100 has-background-dim\"><\/span><div class=\"wp-block-cover__inner-container is-layout-flow wp-block-cover-is-layout-flow\">\n<div class=\"wp-block-columns is-layout-flex wp-container-core-columns-is-layout-9d6595d7 wp-block-columns-is-layout-flex\">\n<div class=\"wp-block-column is-layout-flow wp-block-column-is-layout-flow\">\n<p><\/p>\n\n\n\n<p class=\"has-text-align-left has-neve-text-color-color has-text-color has-normal-font-size\"> mi artisan farm-to-table bushwick health goth, fixie palo santo adaptogen. Affogato kale chips butcher shoreditch gastropub palo santo. Sartorial selvage sriracha polaroid forage umami. Sriracha locavore poke occupy, post-ironic quinoa live-edge chartreuse shabby chic ugh williamsburg cray everyday carry franzen la croix.<\/p>\n<\/div>\n\n\n\n<div class=\"wp-block-column is-layout-flow wp-block-column-is-layout-flow\">\n<p class=\"has-neve-text-color-color has-text-color\"><\/p>\n<\/div>\n<\/div>\n\n\n\n<p class=\"has-text-align-center has-large-font-size\"><\/p>\n<\/div><\/div>\n\n\n\n<figure class=\"wp-block-pullquote is-style-default has-border-color has-text-color\" style=\"border-color:var(--nv-light-bg);color:#000000\"><blockquote><p><\/p><cite>John Stones<\/cite><\/blockquote><\/figure>\n","protected":false},"excerpt":{"rendered":"<p>L&rsquo;\u00e9tat d&rsquo;amiante, aussi appel\u00e9&nbsp;diagnostic amiante, est un document qui mentionne la pr\u00e9sence ou l&rsquo;absence de mat\u00e9riaux ou produits contenant de l&rsquo;amiante dans un logement. Votre logement est concern\u00e9 par ce diagnostic si son permis de construire a \u00e9t\u00e9 d\u00e9livr\u00e9 avant juillet 1997. L&rsquo;\u00e9tat d&rsquo;amiante doit \u00eatre int\u00e9gr\u00e9 au dossier de diagnostic technique (DDT). Le DDT [&hellip;]<\/p>\n","protected":false},"author":1,"featured_media":0,"parent":0,"menu_order":0,"comment_status":"closed","ping_status":"closed","template":"","meta":{"_kadence_starter_templates_imported_post":false,"_ti_tpc_template_sync":false,"_ti_tpc_template_id":"","footnotes":""},"class_list":["post-63","page","type-page","status-publish","hentry","entry"],"_links":{"self":[{"href":"https:\/\/atoutdiagexpertise.com\/index.php\/wp-json\/wp\/v2\/pages\/63","targetHints":{"allow":["GET"]}}],"collection":[{"href":"https:\/\/atoutdiagexpertise.com\/index.php\/wp-json\/wp\/v2\/pages"}],"about":[{"href":"https:\/\/atoutdiagexpertise.com\/index.php\/wp-json\/wp\/v2\/types\/page"}],"author":[{"embeddable":true,"href":"https:\/\/atoutdiagexpertise.com\/index.php\/wp-json\/wp\/v2\/users\/1"}],"replies":[{"embeddable":true,"href":"https:\/\/atoutdiagexpertise.com\/index.php\/wp-json\/wp\/v2\/comments?post=63"}],"version-history":[{"count":4,"href":"https:\/\/atoutdiagexpertise.com\/index.php\/wp-json\/wp\/v2\/pages\/63\/revisions"}],"predecessor-version":[{"id":97,"href":"https:\/\/atoutdiagexpertise.com\/index.php\/wp-json\/wp\/v2\/pages\/63\/revisions\/97"}],"wp:attachment":[{"href":"https:\/\/atoutdiagexpertise.com\/index.php\/wp-json\/wp\/v2\/media?parent=63"}],"curies":[{"name":"wp","href":"https:\/\/api.w.org\/{rel}","templated":true}]}}