{"id":68,"date":"2024-06-27T09:46:38","date_gmt":"2024-06-27T07:46:38","guid":{"rendered":"https:\/\/atoutdiagexpertise.com\/?page_id=68"},"modified":"2024-07-04T13:26:46","modified_gmt":"2024-07-04T11:26:46","slug":"mesurage","status":"publish","type":"page","link":"https:\/\/atoutdiagexpertise.com\/index.php\/mesurage\/","title":{"rendered":"Mesurage"},"content":{"rendered":"\n<div style=\"height:100px\" aria-hidden=\"true\" class=\"wp-block-spacer\"><\/div>\n\n\n\n<h1 class=\"wp-block-heading has-text-align-center\">Loi Carrez<\/h1>\n\n\n\n<figure class=\"wp-block-image size-full is-resized\"><img fetchpriority=\"high\" decoding=\"async\" width=\"439\" height=\"450\" src=\"https:\/\/atoutdiagexpertise.com\/wp-content\/uploads\/2024\/06\/Mesurage.png\" alt=\"\" class=\"wp-image-70\" style=\"width:842px;height:auto\" srcset=\"https:\/\/atoutdiagexpertise.com\/wp-content\/uploads\/2024\/06\/Mesurage.png 439w, https:\/\/atoutdiagexpertise.com\/wp-content\/uploads\/2024\/06\/Mesurage-293x300.png 293w\" sizes=\"(max-width: 439px) 100vw, 439px\" \/><\/figure>\n\n\n<p>\u00a0<\/p>\n<p>La loi Carrez est un diagnostic qui consiste \u00e0 attester de la surface privative d&rsquo;un lot apr\u00e8s avoir soustrait les surfaces occup\u00e9es par les murs, cloisons, marches, cages d&rsquo;escalier, gaines, portes et fen\u00eatres.<\/p>\n<p>Il est uniquement obligatoire dans le cadre d&rsquo;une vente d&rsquo;un bien immobilier se trouvant en copropri\u00e9t\u00e9. Promulgu\u00e9e en 1996, la Loi Carrez impose de mentionner la superficie exacte du bien lors de la vente d\u2019un bien en copropri\u00e9t\u00e9. Facultatif, le diagnostic Carrez permet d\u2019obtenir un certificat de superficie qui permet de prot\u00e9ger le vendeur. Loi n\u00b0 96-1107 du 18 d\u00e9cembre 1996<\/p>\n<p data-test=\"contenu-texte\">Le vendeur doit faire r\u00e9aliser ce diagnostic par un professionnel certifi\u00e9.<\/p>\n<p data-test=\"contenu-texte\"><strong>Diagnostic Loi Carrez\u00a0<\/strong>calcule la surface de plancher d&rsquo;un bien clos et couvert sans prendre en compte l&rsquo;espace occup\u00e9 par les ouvertures, cloisons, marches, cages d&rsquo;escaliers, pi\u00e8ces dont la hauteur de plafond est inf\u00e9rieur \u00e0 1,80m, caves, garages, parkings etc&#8230; Cette loi d\u00e9finit la notion de \u201csurface privative \u201c ou \u201c\u00a0<strong>superficie privative\u201d<\/strong>. Elle fournit une m\u00e9thode unique au m\u00e9trage des lots de copropri\u00e9t\u00e9. Le\u00a0<a href=\"https:\/\/loi-carrez.fr\/\"><strong>diagnostic loi carrez<\/strong><\/a>\u00a0sera exig\u00e9 \u00e0 la signature du compromis de vente.<\/p>\n\n\n<!--more-->\n\n\n","protected":false},"excerpt":{"rendered":"<p>Loi Carrez \u00a0 La loi Carrez est un diagnostic qui consiste \u00e0 attester de la surface privative d&rsquo;un lot apr\u00e8s avoir soustrait les surfaces occup\u00e9es par les murs, cloisons, marches, cages d&rsquo;escalier, gaines, portes et fen\u00eatres. Il est uniquement obligatoire dans le cadre d&rsquo;une vente d&rsquo;un bien immobilier se trouvant en copropri\u00e9t\u00e9. Promulgu\u00e9e en 1996, [&hellip;]<\/p>\n","protected":false},"author":1,"featured_media":0,"parent":0,"menu_order":0,"comment_status":"closed","ping_status":"closed","template":"","meta":{"_kadence_starter_templates_imported_post":false,"_ti_tpc_template_sync":false,"_ti_tpc_template_id":"","footnotes":""},"class_list":["post-68","page","type-page","status-publish","hentry","entry"],"_links":{"self":[{"href":"https:\/\/atoutdiagexpertise.com\/index.php\/wp-json\/wp\/v2\/pages\/68","targetHints":{"allow":["GET"]}}],"collection":[{"href":"https:\/\/atoutdiagexpertise.com\/index.php\/wp-json\/wp\/v2\/pages"}],"about":[{"href":"https:\/\/atoutdiagexpertise.com\/index.php\/wp-json\/wp\/v2\/types\/page"}],"author":[{"embeddable":true,"href":"https:\/\/atoutdiagexpertise.com\/index.php\/wp-json\/wp\/v2\/users\/1"}],"replies":[{"embeddable":true,"href":"https:\/\/atoutdiagexpertise.com\/index.php\/wp-json\/wp\/v2\/comments?post=68"}],"version-history":[{"count":4,"href":"https:\/\/atoutdiagexpertise.com\/index.php\/wp-json\/wp\/v2\/pages\/68\/revisions"}],"predecessor-version":[{"id":153,"href":"https:\/\/atoutdiagexpertise.com\/index.php\/wp-json\/wp\/v2\/pages\/68\/revisions\/153"}],"wp:attachment":[{"href":"https:\/\/atoutdiagexpertise.com\/index.php\/wp-json\/wp\/v2\/media?parent=68"}],"curies":[{"name":"wp","href":"https:\/\/api.w.org\/{rel}","templated":true}]}}